{"id":287,"date":"2016-12-03T13:08:20","date_gmt":"2016-12-03T12:08:20","guid":{"rendered":"http:\/\/xn--goldmdchen-u5a.net\/?page_id=287"},"modified":"2018-05-26T16:50:31","modified_gmt":"2018-05-26T14:50:31","slug":"info","status":"publish","type":"page","link":"http:\/\/xn--goldmdchen-u5a.net\/?page_id=287","title":{"rendered":"INFO"},"content":{"rendered":"<p>[vc_row][vc_column][vc_column_text]<\/p>\n<p style=\"text-align: justify;\">Poetisches Bewegungstheater mit musikalischen Ausz\u00fcgen aus Werken von u.a. Vivaldi, Strawinsky, Bach f\u00fcr alle, die zum ersten Mal in ein Theaterkonzert gehen.<\/p>\n<p style=\"text-align: justify;\">OHNE SPRACHE\u00a0&#8211; \u00a03 bis 5 Jahre &#8211;\u00a0Dauer: 40\u2019<\/p>\n<p style=\"text-align: justify;\">GOLDM\u00c4DCHEN ist ein poetisches und musikalisches Bewegungstheaterst\u00fcck \u00fcber das Thema Freundschaft, ein Universum voll von Poesie und Humor, im Grenzbereich zwischen Tanz und Musik. Eine Landschaft aus zusammengefalteten Pappkisten, B\u00e4ndern und Goldpapier. Verzerrte Bewegungen. Verschachtelte Melodien. Die im Klang des Windes zu atmen scheinen. Eine Landschaft aus Vertiefungen, Kl\u00e4ngen, Gesten und Beulen. Es ist eine Welt der Entdeckungen, ein Traumweg, der tief in eine imagin\u00e4re Welt f\u00fchrt.<\/p>\n<p style=\"text-align: justify;\">Die jungen K\u00fcnstlerinnen dieses Sitzkissenkonzerts, die T\u00e4nzerin Aurore und die Geigerin Eleonora, tragen beide das Gold im Namen. Doch am Ende der Auff\u00fchrung verbindet sie weit mehr: Neugierig erkunden sie, was ihr Gegen\u00fcber macht, und reagieren aufeinander \u2013 bis die Tanzbewegungen schliesslich mit dem Klang der Violine verschmelzen. Ausgedacht hat sich dieses ungew\u00f6hnliche Konzert, der vielfach preisgekr\u00f6nte Regisseur Dan Tanson. In Luzern ist der Luxemburger beileibe kein Unbekannter: Nach dem Schlagzeugspektakel Drumblebee und HERO\u00cfCA, der ersten Produktion von Young Performance, ist Goldm\u00e4dchen bereits seine dritte Arbeit f\u00fcr LUCERNE FESTIVAL. <em>Ank\u00fcndigung in der Brosch\u00fcre des Lucerne Festival<\/em><\/p>\n<p style=\"text-align: justify;\"><span style=\"color: #ffffff;\">:<\/span><\/p>\n<p style=\"text-align: justify;\"><span style=\"color: #ffffff;\">:<\/span><\/p>\n<p style=\"text-align: justify;\"><span style=\"color: #ffffff;\">:<\/span><\/p>\n<p>[\/vc_column_text][\/vc_column][\/vc_row]<\/p>\n","protected":false},"excerpt":{"rendered":"<p>[vc_row][vc_column][vc_column_text] Poetisches Bewegungstheater mit musikalischen Ausz\u00fcgen aus Werken von u.a. Vivaldi, Strawinsky, Bach f\u00fcr alle, die zum ersten Mal in ein Theaterkonzert gehen. OHNE SPRACHE\u00a0&#8211; \u00a03 bis 5 Jahre &#8211;\u00a0Dauer: 40\u2019 GOLDM\u00c4DCHEN ist ein poetisches und musikalisches Bewegungstheaterst\u00fcck \u00fcber das Thema Freundschaft, ein Universum voll von Poesie und Humor, im Grenzbereich zwischen Tanz und Musik. &hellip; <\/p>\n<p class=\"link-more\"><a href=\"http:\/\/xn--goldmdchen-u5a.net\/?page_id=287\" class=\"more-link\">Continue reading<span class=\"screen-reader-text\"> &#8220;INFO&#8221;<\/span><\/a><\/p>\n","protected":false},"author":1,"featured_media":0,"parent":0,"menu_order":0,"comment_status":"closed","ping_status":"closed","template":"","meta":[],"translation":{"provider":"WPGlobus","version":"2.6.5","language":"en","enabled_languages":["en","es","de","fr","ru"],"languages":{"en":{"title":true,"content":true,"excerpt":false},"es":{"title":false,"content":false,"excerpt":false},"de":{"title":false,"content":false,"excerpt":false},"fr":{"title":false,"content":false,"excerpt":false},"ru":{"title":false,"content":false,"excerpt":false}}},"_links":{"self":[{"href":"http:\/\/xn--goldmdchen-u5a.net\/index.php?rest_route=\/wp\/v2\/pages\/287"}],"collection":[{"href":"http:\/\/xn--goldmdchen-u5a.net\/index.php?rest_route=\/wp\/v2\/pages"}],"about":[{"href":"http:\/\/xn--goldmdchen-u5a.net\/index.php?rest_route=\/wp\/v2\/types\/page"}],"author":[{"embeddable":true,"href":"http:\/\/xn--goldmdchen-u5a.net\/index.php?rest_route=\/wp\/v2\/users\/1"}],"replies":[{"embeddable":true,"href":"http:\/\/xn--goldmdchen-u5a.net\/index.php?rest_route=%2Fwp%2Fv2%2Fcomments&post=287"}],"version-history":[{"count":8,"href":"http:\/\/xn--goldmdchen-u5a.net\/index.php?rest_route=\/wp\/v2\/pages\/287\/revisions"}],"predecessor-version":[{"id":659,"href":"http:\/\/xn--goldmdchen-u5a.net\/index.php?rest_route=\/wp\/v2\/pages\/287\/revisions\/659"}],"wp:attachment":[{"href":"http:\/\/xn--goldmdchen-u5a.net\/index.php?rest_route=%2Fwp%2Fv2%2Fmedia&parent=287"}],"curies":[{"name":"wp","href":"https:\/\/api.w.org\/{rel}","templated":true}]}}